{"id":273,"date":"2015-11-20T14:44:41","date_gmt":"2015-11-20T13:44:41","guid":{"rendered":"http:\/\/tomheithoff.de\/wordpress\/?page_id=273"},"modified":"2025-11-10T16:14:19","modified_gmt":"2025-11-10T15:14:19","slug":"vita-2","status":"publish","type":"page","link":"https:\/\/tomheithoff.de\/?page_id=273","title":{"rendered":"Vita"},"content":{"rendered":"<div class=\"wp-block-image\">\n<figure class=\"alignleft is-resized\"><img loading=\"lazy\" decoding=\"async\" width=\"1024\" height=\"564\" src=\"http:\/\/tomheithoff.de\/wp-content\/uploads\/Tom2018webseite-1024x564.jpg\" alt=\"\" class=\"wp-image-798\" style=\"width:576px;height:auto\" srcset=\"https:\/\/tomheithoff.de\/wp-content\/uploads\/Tom2018webseite-1024x564.jpg 1024w, https:\/\/tomheithoff.de\/wp-content\/uploads\/Tom2018webseite-150x83.jpg 150w, https:\/\/tomheithoff.de\/wp-content\/uploads\/Tom2018webseite-300x165.jpg 300w, https:\/\/tomheithoff.de\/wp-content\/uploads\/Tom2018webseite-768x423.jpg 768w, https:\/\/tomheithoff.de\/wp-content\/uploads\/Tom2018webseite-624x344.jpg 624w, https:\/\/tomheithoff.de\/wp-content\/uploads\/Tom2018webseite.jpg 1228w\" sizes=\"auto, (max-width: 1024px) 100vw, 1024px\" \/><\/figure>\n<\/div>\n\n\n<p>Tom Heithoff, geboren 1964 in Kiel, ist freier Autor, Regisseur, Musiker und Produzent fu\u0308r Ho\u0308rspiel und Feature. F\u00fcr seine komisch-bitteren Ho\u0308rstu\u0308cke \u00fcber die Schieflagen dieser Welt erhielt er zahlreiche Preise, u.a. beim Berliner H\u00f6rspielfestival f\u00fcr \u201eHundelebensberatung\u201c (1. Preis&nbsp; 2009), \u201eLa vie en rose \u2013 Vom Leben und \u00dcberleben in Paris\u201c (1. Preis 2015), \u201eDummrum\u201c (2. Preis 2018).<\/p>\n\n\n\n<p>Seine H\u00f6rst\u00fccke, die nicht im hochtechnisierten Studio, sondern zwischen Sofa, See und K\u00fcchentisch entstehen, wurden vom deutschlandfunk kultur, swr, orf, wdr, deutschlandfunk, hr, srf,&nbsp; br, sr, rbb, und rb gesendet.<\/p>\n\n\n\n<p>Studium der Neueren deutschen Literaturwissenschaft und Theater-\/ Filmwissenschaft in Berlin (Magister Artium 1994). Anschlie\u00dfend freier Journalist f\u00fcr den Tagesspiegel, Badische Zeitung u.a. in den Ressorts Bildung, Wissenschaft und Kultur.<\/p>\n\n\n\n<p>Podcast &#8211; Produktion (&#8222;Demenz-Podcast&#8220;) f\u00fcr den medhochzwei Verlag<\/p>\n\n\n\n<p class=\"western\">&nbsp;<\/p>\n","protected":false},"excerpt":{"rendered":"<p>Tom Heithoff, geboren 1964 in Kiel, ist freier Autor, Regisseur, Musiker und Produzent fu\u0308r Ho\u0308rspiel und Feature. F\u00fcr seine komisch-bitteren Ho\u0308rstu\u0308cke \u00fcber die Schieflagen dieser Welt erhielt er zahlreiche Preise, u.a. beim Berliner H\u00f6rspielfestival f\u00fcr \u201eHundelebensberatung\u201c (1. Preis&nbsp; 2009), \u201eLa vie en rose \u2013 Vom Leben und \u00dcberleben in Paris\u201c (1. Preis 2015), \u201eDummrum\u201c (2&#8230;.<\/p>\n","protected":false},"author":1,"featured_media":0,"parent":0,"menu_order":0,"comment_status":"closed","ping_status":"closed","template":"","meta":{"_kad_post_transparent":"","_kad_post_title":"","_kad_post_layout":"","_kad_post_sidebar_id":"","_kad_post_content_style":"","_kad_post_vertical_padding":"","_kad_post_feature":"","_kad_post_feature_position":"","_kad_post_header":false,"_kad_post_footer":false,"_kad_post_classname":"","footnotes":""},"class_list":["post-273","page","type-page","status-publish","hentry"],"_links":{"self":[{"href":"https:\/\/tomheithoff.de\/index.php?rest_route=\/wp\/v2\/pages\/273","targetHints":{"allow":["GET"]}}],"collection":[{"href":"https:\/\/tomheithoff.de\/index.php?rest_route=\/wp\/v2\/pages"}],"about":[{"href":"https:\/\/tomheithoff.de\/index.php?rest_route=\/wp\/v2\/types\/page"}],"author":[{"embeddable":true,"href":"https:\/\/tomheithoff.de\/index.php?rest_route=\/wp\/v2\/users\/1"}],"replies":[{"embeddable":true,"href":"https:\/\/tomheithoff.de\/index.php?rest_route=%2Fwp%2Fv2%2Fcomments&post=273"}],"version-history":[{"count":22,"href":"https:\/\/tomheithoff.de\/index.php?rest_route=\/wp\/v2\/pages\/273\/revisions"}],"predecessor-version":[{"id":1227,"href":"https:\/\/tomheithoff.de\/index.php?rest_route=\/wp\/v2\/pages\/273\/revisions\/1227"}],"wp:attachment":[{"href":"https:\/\/tomheithoff.de\/index.php?rest_route=%2Fwp%2Fv2%2Fmedia&parent=273"}],"curies":[{"name":"wp","href":"https:\/\/api.w.org\/{rel}","templated":true}]}}